{"id":2880,"date":"2020-03-10T16:06:41","date_gmt":"2020-03-10T15:06:41","guid":{"rendered":"https:\/\/palenicajelsovce.sk\/zasady-ochrany-osobnych-udajov\/"},"modified":"2025-01-15T12:43:21","modified_gmt":"2025-01-15T11:43:21","slug":"personaldataprotectionpolicy","status":"publish","type":"page","link":"https:\/\/palenicajelsovce.sk\/en\/personaldataprotectionpolicy\/","title":{"rendered":"Personal data protection policy"},"content":{"rendered":"<h2>1. O cookies<\/h2>\n<p>1.1 A cookie is a file containing an identifier (a string of letters and numbers) that the web server sends to the web browser and is stored by the browser. The identifier is then sent back to the server whenever the browser requests a page from the server.<\/p>\n<p>1.2 Cookies can be either &#8220;persistent&#8221; cookies or &#8220;session&#8221; cookies: a persistent cookie will be stored in the web browser and will remain valid until a specified expiration date, unless deleted by the user before the expiration date; session cookies expire at the end of the user&#8217;s session when the web browser is closed.<\/p>\n<p>1.3 Cookies usually do not contain any information that personally identifies the user, but the personal information we store may be linked to information stored in cookies and obtained from them.<\/p>\n<h2>2. Cookies, we use<\/h2>\n<p>2.1 Cookies we use for the following purposes:<\/p>\n<ol style=\"list-style-type: lower-alpha;\">\n<li>authentication \u2013 we use cookies to identify you when you visit our website and while navigating our website;<\/li>\n<li>analysis \u2013 we use cookies that help us analyze the use and performance of our websites and services<\/li>\n<li>cookie consent &#8211; we use cookies to store your preferences for the use of cookies when browsing the website<\/li>\n<\/ol>\n<h2>3. Cookies used by our service providers<\/h2>\n<p>3.1 Our service providers use cookies and these cookies may be stored on your computer when you visit our website.<\/p>\n<p>3.2 We use Google Analytics to analyze the use of our website. The Google Analytics service collects information about the use of websites through cookies. The information collected about our website is used to compile reports on the use of our website. Google&#8217;s privacy policy is available on the site: <a href=\"https:\/\/policies.google.com\/privacy?hl=sk\">https:\/\/policies.google.com\/privacy?hl=sk<\/a>.<\/p>\n<h2>4. File management cookies<\/h2>\n<p>4.1 Most browsers allow you to refuse to accept cookies and to delete cookies. Methods for managing them vary by browser and browser version. However, you can get up-to-date information on blocking and deleting cookies through these links:<\/p>\n<ol style=\"list-style-type: lower-alpha;\">\n<li><a href=\"https:\/\/support.google.com\/chrome\/answer\/95647?hl=sk\">https:\/\/support.google.com\/chrome\/answer\/95647?hl=sk<\/a> (Chrome);<\/li>\n<li><a href=\"https:\/\/support.mozilla.org\/sk\/kb\/povolenie-zakazanie-cookies\">https:\/\/support.mozilla.org\/sk\/kb\/povolenie-zakazanie-cookies<\/a> (Firefox);<\/li>\n<li><a href=\"https:\/\/www.opera.com\/help\/tutorials\/security\/cookies\/\">https:\/\/www.opera.com\/help\/tutorials\/security\/cookies\/<\/a> (Opera);<\/li>\n<li><a href=\"https:\/\/support.microsoft.com\/sk-sk\/help\/17442\/windows-internet-explorer-delete-manage-cookies\">https:\/\/support.microsoft.com\/sk-sk\/help\/17442\/windows-internet-explorer-delete-manage-cookies<\/a> (Internet Explorer);<\/li>\n<li><a href=\"https:\/\/support.apple.com\/kb\/PH21411?locale=sk_SK\">https:\/\/support.apple.com\/kb\/PH21411?locale=sk_SK<\/a> (Safari); a<\/li>\n<li><a href=\"https:\/\/privacy.microsoft.com\/en-us\/windows-10-microsoft-edge-and-privacy\">https:\/\/privacy.microsoft.com\/en-us\/windows-10-microsoft-edge-and-privacy<\/a> (Edge).<\/li>\n<\/ol>\n<p>4.2 Blocking all cookies will have a negative impact on the usability of many websites.<\/p>\n<p>4.3 If you block cookies, you will not be able to use all functions of our website.<\/p>\n<p>&nbsp;<\/p>\n","protected":false},"excerpt":{"rendered":"<p>1. O cookies 1.1 A cookie is a file containing an identifier (a string of letters and numbers) that the web server sends to the web browser and is stored by the browser. The identifier is then sent back to the server whenever the browser requests a page from the server. 1.2 Cookies can be either &#8220;persistent&#8221; cookies or &#8220;session&#8221; cookies: a persistent cookie will be stored in the web browser and will remain valid until a specified expiration date, unless deleted by the user before the expiration date; session cookies expire at the end of the user&#8217;s session when the web browser is closed. 1.3 Cookies usually do not contain any information that personally identifies the user, but the personal information we store may be linked to information stored in cookies and obtained from them. 2. Cookies, we use 2.1 Cookies we use for the following purposes: authentication \u2013 we use cookies to identify you when you visit our website and while navigating our website; analysis \u2013 we use cookies that help us analyze the use and performance of our websites and services cookie consent &#8211; we use cookies to store your preferences for the use of cookies when&#8230;<\/p>\n","protected":false},"author":1,"featured_media":2792,"parent":0,"menu_order":0,"comment_status":"closed","ping_status":"open","template":"","meta":{"_acf_changed":false,"inline_featured_image":false,"footnotes":""},"class_list":["post-2880","page","type-page","status-publish","has-post-thumbnail","hentry"],"acf":[],"yoast_head":"<!-- This site is optimized with the Yoast SEO plugin v24.2 - https:\/\/yoast.com\/wordpress\/plugins\/seo\/ -->\n<title>Personal data protection policy - P\u00e1lenica Jel\u0161ovce<\/title>\n<meta name=\"description\" content=\"Tieto Z\u00e1sady ochrany osobn\u00fdch \u00fadajov (\u010falej len \u201eZ\u00e1sady\u201c) V\u00e1m pom\u00f4\u017eu objasni\u0165, ak\u00e9 druhy \u00fadajov v s\u00favislosti s poskytovan\u00edm na\u0161ich slu\u017eieb sprac\u00favame.\" \/>\n<meta name=\"robots\" content=\"index, follow, max-snippet:-1, max-image-preview:large, max-video-preview:-1\" \/>\n<link rel=\"canonical\" href=\"https:\/\/palenicajelsovce.sk\/en\/personaldataprotectionpolicy\/\" \/>\n<meta property=\"og:locale\" content=\"en_US\" \/>\n<meta property=\"og:type\" content=\"article\" \/>\n<meta property=\"og:title\" content=\"Personal data protection policy - P\u00e1lenica Jel\u0161ovce\" \/>\n<meta property=\"og:description\" content=\"Tieto Z\u00e1sady ochrany osobn\u00fdch \u00fadajov (\u010falej len \u201eZ\u00e1sady\u201c) V\u00e1m pom\u00f4\u017eu objasni\u0165, ak\u00e9 druhy \u00fadajov v s\u00favislosti s poskytovan\u00edm na\u0161ich slu\u017eieb sprac\u00favame.\" \/>\n<meta property=\"og:url\" content=\"https:\/\/palenicajelsovce.sk\/en\/personaldataprotectionpolicy\/\" \/>\n<meta property=\"og:site_name\" content=\"P\u00e1lenica Jel\u0161ovce\" \/>\n<meta property=\"article:modified_time\" content=\"2025-01-15T11:43:21+00:00\" \/>\n<meta property=\"og:image\" content=\"https:\/\/palenicajelsovce.sk\/wp-content\/uploads\/2020\/11\/1507-1122-scaled.jpg\" \/>\n\t<meta property=\"og:image:width\" content=\"2560\" \/>\n\t<meta property=\"og:image:height\" content=\"1707\" \/>\n\t<meta property=\"og:image:type\" content=\"image\/jpeg\" \/>\n<meta name=\"twitter:card\" content=\"summary_large_image\" \/>\n<meta name=\"twitter:label1\" content=\"Est. reading time\" \/>\n\t<meta name=\"twitter:data1\" content=\"3 minutes\" \/>\n<script type=\"application\/ld+json\" class=\"yoast-schema-graph\">{\"@context\":\"https:\/\/schema.org\",\"@graph\":[{\"@type\":\"WebPage\",\"@id\":\"https:\/\/palenicajelsovce.sk\/en\/personaldataprotectionpolicy\/\",\"url\":\"https:\/\/palenicajelsovce.sk\/en\/personaldataprotectionpolicy\/\",\"name\":\"Personal data protection policy - P\u00e1lenica Jel\u0161ovce\",\"isPartOf\":{\"@id\":\"https:\/\/palenicajelsovce.sk\/#website\"},\"primaryImageOfPage\":{\"@id\":\"https:\/\/palenicajelsovce.sk\/en\/personaldataprotectionpolicy\/#primaryimage\"},\"image\":{\"@id\":\"https:\/\/palenicajelsovce.sk\/en\/personaldataprotectionpolicy\/#primaryimage\"},\"thumbnailUrl\":\"https:\/\/palenicajelsovce.sk\/wp-content\/uploads\/2020\/11\/1507-1122-scaled.jpg\",\"datePublished\":\"2020-03-10T15:06:41+00:00\",\"dateModified\":\"2025-01-15T11:43:21+00:00\",\"description\":\"Tieto Z\u00e1sady ochrany osobn\u00fdch \u00fadajov (\u010falej len \u201eZ\u00e1sady\u201c) V\u00e1m pom\u00f4\u017eu objasni\u0165, ak\u00e9 druhy \u00fadajov v s\u00favislosti s poskytovan\u00edm na\u0161ich slu\u017eieb sprac\u00favame.\",\"breadcrumb\":{\"@id\":\"https:\/\/palenicajelsovce.sk\/en\/personaldataprotectionpolicy\/#breadcrumb\"},\"inLanguage\":\"en-US\",\"potentialAction\":[{\"@type\":\"ReadAction\",\"target\":[\"https:\/\/palenicajelsovce.sk\/en\/personaldataprotectionpolicy\/\"]}]},{\"@type\":\"ImageObject\",\"inLanguage\":\"en-US\",\"@id\":\"https:\/\/palenicajelsovce.sk\/en\/personaldataprotectionpolicy\/#primaryimage\",\"url\":\"https:\/\/palenicajelsovce.sk\/wp-content\/uploads\/2020\/11\/1507-1122-scaled.jpg\",\"contentUrl\":\"https:\/\/palenicajelsovce.sk\/wp-content\/uploads\/2020\/11\/1507-1122-scaled.jpg\",\"width\":2560,\"height\":1707},{\"@type\":\"BreadcrumbList\",\"@id\":\"https:\/\/palenicajelsovce.sk\/en\/personaldataprotectionpolicy\/#breadcrumb\",\"itemListElement\":[{\"@type\":\"ListItem\",\"position\":1,\"name\":\"Home\",\"item\":\"https:\/\/palenicajelsovce.sk\/en\/\"},{\"@type\":\"ListItem\",\"position\":2,\"name\":\"Personal data protection policy\"}]},{\"@type\":\"WebSite\",\"@id\":\"https:\/\/palenicajelsovce.sk\/#website\",\"url\":\"https:\/\/palenicajelsovce.sk\/\",\"name\":\"P\u00e1lenica Jel\u0161ovce\",\"description\":\"Nezabudnute\u013en\u00fd dojem...\",\"publisher\":{\"@id\":\"https:\/\/palenicajelsovce.sk\/#organization\"},\"potentialAction\":[{\"@type\":\"SearchAction\",\"target\":{\"@type\":\"EntryPoint\",\"urlTemplate\":\"https:\/\/palenicajelsovce.sk\/?s={search_term_string}\"},\"query-input\":{\"@type\":\"PropertyValueSpecification\",\"valueRequired\":true,\"valueName\":\"search_term_string\"}}],\"inLanguage\":\"en-US\"},{\"@type\":\"Organization\",\"@id\":\"https:\/\/palenicajelsovce.sk\/#organization\",\"name\":\"P\u00e1lenica Jel\u0161ovce\",\"url\":\"https:\/\/palenicajelsovce.sk\/\",\"logo\":{\"@type\":\"ImageObject\",\"inLanguage\":\"en-US\",\"@id\":\"https:\/\/palenicajelsovce.sk\/#\/schema\/logo\/image\/\",\"url\":\"https:\/\/palenicajelsovce.sk\/wp-content\/uploads\/2020\/11\/logo.svg\",\"contentUrl\":\"https:\/\/palenicajelsovce.sk\/wp-content\/uploads\/2020\/11\/logo.svg\",\"caption\":\"P\u00e1lenica Jel\u0161ovce\"},\"image\":{\"@id\":\"https:\/\/palenicajelsovce.sk\/#\/schema\/logo\/image\/\"}}]}<\/script>\n<!-- \/ Yoast SEO plugin. -->","yoast_head_json":{"title":"Personal data protection policy - P\u00e1lenica Jel\u0161ovce","description":"Tieto Z\u00e1sady ochrany osobn\u00fdch \u00fadajov (\u010falej len \u201eZ\u00e1sady\u201c) V\u00e1m pom\u00f4\u017eu objasni\u0165, ak\u00e9 druhy \u00fadajov v s\u00favislosti s poskytovan\u00edm na\u0161ich slu\u017eieb sprac\u00favame.","robots":{"index":"index","follow":"follow","max-snippet":"max-snippet:-1","max-image-preview":"max-image-preview:large","max-video-preview":"max-video-preview:-1"},"canonical":"https:\/\/palenicajelsovce.sk\/en\/personaldataprotectionpolicy\/","og_locale":"en_US","og_type":"article","og_title":"Personal data protection policy - P\u00e1lenica Jel\u0161ovce","og_description":"Tieto Z\u00e1sady ochrany osobn\u00fdch \u00fadajov (\u010falej len \u201eZ\u00e1sady\u201c) V\u00e1m pom\u00f4\u017eu objasni\u0165, ak\u00e9 druhy \u00fadajov v s\u00favislosti s poskytovan\u00edm na\u0161ich slu\u017eieb sprac\u00favame.","og_url":"https:\/\/palenicajelsovce.sk\/en\/personaldataprotectionpolicy\/","og_site_name":"P\u00e1lenica Jel\u0161ovce","article_modified_time":"2025-01-15T11:43:21+00:00","og_image":[{"width":2560,"height":1707,"url":"https:\/\/palenicajelsovce.sk\/wp-content\/uploads\/2020\/11\/1507-1122-scaled.jpg","type":"image\/jpeg"}],"twitter_card":"summary_large_image","twitter_misc":{"Est. reading time":"3 minutes"},"schema":{"@context":"https:\/\/schema.org","@graph":[{"@type":"WebPage","@id":"https:\/\/palenicajelsovce.sk\/en\/personaldataprotectionpolicy\/","url":"https:\/\/palenicajelsovce.sk\/en\/personaldataprotectionpolicy\/","name":"Personal data protection policy - P\u00e1lenica Jel\u0161ovce","isPartOf":{"@id":"https:\/\/palenicajelsovce.sk\/#website"},"primaryImageOfPage":{"@id":"https:\/\/palenicajelsovce.sk\/en\/personaldataprotectionpolicy\/#primaryimage"},"image":{"@id":"https:\/\/palenicajelsovce.sk\/en\/personaldataprotectionpolicy\/#primaryimage"},"thumbnailUrl":"https:\/\/palenicajelsovce.sk\/wp-content\/uploads\/2020\/11\/1507-1122-scaled.jpg","datePublished":"2020-03-10T15:06:41+00:00","dateModified":"2025-01-15T11:43:21+00:00","description":"Tieto Z\u00e1sady ochrany osobn\u00fdch \u00fadajov (\u010falej len \u201eZ\u00e1sady\u201c) V\u00e1m pom\u00f4\u017eu objasni\u0165, ak\u00e9 druhy \u00fadajov v s\u00favislosti s poskytovan\u00edm na\u0161ich slu\u017eieb sprac\u00favame.","breadcrumb":{"@id":"https:\/\/palenicajelsovce.sk\/en\/personaldataprotectionpolicy\/#breadcrumb"},"inLanguage":"en-US","potentialAction":[{"@type":"ReadAction","target":["https:\/\/palenicajelsovce.sk\/en\/personaldataprotectionpolicy\/"]}]},{"@type":"ImageObject","inLanguage":"en-US","@id":"https:\/\/palenicajelsovce.sk\/en\/personaldataprotectionpolicy\/#primaryimage","url":"https:\/\/palenicajelsovce.sk\/wp-content\/uploads\/2020\/11\/1507-1122-scaled.jpg","contentUrl":"https:\/\/palenicajelsovce.sk\/wp-content\/uploads\/2020\/11\/1507-1122-scaled.jpg","width":2560,"height":1707},{"@type":"BreadcrumbList","@id":"https:\/\/palenicajelsovce.sk\/en\/personaldataprotectionpolicy\/#breadcrumb","itemListElement":[{"@type":"ListItem","position":1,"name":"Home","item":"https:\/\/palenicajelsovce.sk\/en\/"},{"@type":"ListItem","position":2,"name":"Personal data protection policy"}]},{"@type":"WebSite","@id":"https:\/\/palenicajelsovce.sk\/#website","url":"https:\/\/palenicajelsovce.sk\/","name":"P\u00e1lenica Jel\u0161ovce","description":"Nezabudnute\u013en\u00fd dojem...","publisher":{"@id":"https:\/\/palenicajelsovce.sk\/#organization"},"potentialAction":[{"@type":"SearchAction","target":{"@type":"EntryPoint","urlTemplate":"https:\/\/palenicajelsovce.sk\/?s={search_term_string}"},"query-input":{"@type":"PropertyValueSpecification","valueRequired":true,"valueName":"search_term_string"}}],"inLanguage":"en-US"},{"@type":"Organization","@id":"https:\/\/palenicajelsovce.sk\/#organization","name":"P\u00e1lenica Jel\u0161ovce","url":"https:\/\/palenicajelsovce.sk\/","logo":{"@type":"ImageObject","inLanguage":"en-US","@id":"https:\/\/palenicajelsovce.sk\/#\/schema\/logo\/image\/","url":"https:\/\/palenicajelsovce.sk\/wp-content\/uploads\/2020\/11\/logo.svg","contentUrl":"https:\/\/palenicajelsovce.sk\/wp-content\/uploads\/2020\/11\/logo.svg","caption":"P\u00e1lenica Jel\u0161ovce"},"image":{"@id":"https:\/\/palenicajelsovce.sk\/#\/schema\/logo\/image\/"}}]}},"_links":{"self":[{"href":"https:\/\/palenicajelsovce.sk\/en\/wp-json\/wp\/v2\/pages\/2880","targetHints":{"allow":["GET"]}}],"collection":[{"href":"https:\/\/palenicajelsovce.sk\/en\/wp-json\/wp\/v2\/pages"}],"about":[{"href":"https:\/\/palenicajelsovce.sk\/en\/wp-json\/wp\/v2\/types\/page"}],"author":[{"embeddable":true,"href":"https:\/\/palenicajelsovce.sk\/en\/wp-json\/wp\/v2\/users\/1"}],"replies":[{"embeddable":true,"href":"https:\/\/palenicajelsovce.sk\/en\/wp-json\/wp\/v2\/comments?post=2880"}],"version-history":[{"count":2,"href":"https:\/\/palenicajelsovce.sk\/en\/wp-json\/wp\/v2\/pages\/2880\/revisions"}],"predecessor-version":[{"id":2882,"href":"https:\/\/palenicajelsovce.sk\/en\/wp-json\/wp\/v2\/pages\/2880\/revisions\/2882"}],"wp:featuredmedia":[{"embeddable":true,"href":"https:\/\/palenicajelsovce.sk\/en\/wp-json\/wp\/v2\/media\/2792"}],"wp:attachment":[{"href":"https:\/\/palenicajelsovce.sk\/en\/wp-json\/wp\/v2\/media?parent=2880"}],"curies":[{"name":"wp","href":"https:\/\/api.w.org\/{rel}","templated":true}]}}