{"id":2795,"date":"2020-09-03T16:16:55","date_gmt":"2020-09-03T14:16:55","guid":{"rendered":"https:\/\/palenicajelsovce.sk\/palenica\/"},"modified":"2025-01-15T11:26:25","modified_gmt":"2025-01-15T10:26:25","slug":"distillery","status":"publish","type":"page","link":"https:\/\/palenicajelsovce.sk\/en\/distillery\/","title":{"rendered":"Distillery"},"content":{"rendered":"<p>Distilling fruit distillates is a traditional method of fruit processing. In our grower&#8217;s distillery, you can have a high-quality fruit distillate directly made from your own fruit. The distillery is equipped with the most modern technology, based on a modern way of conducting distillation using the latest knowledge in the burning process. The equipment of the distillery is of the highest quality and meets the strictest EU conditions. The main process takes place in a single-boiler device with a multi-stage rectification column with a capacity of 300 l &#8211; KPD 300. The whole system allows you to actively control the alcohol content, influence the taste and aromatic properties of the distillates. The entire technology is controlled by professional staff, but also electronically, which prevents any complications. Compliance with hygiene principles is a matter of course in our distillery. After each distillation, the apparatus is washed, i.e. the entire rectification column as well as the boiler itself is cleaned by water pressure. The preparation of fruit kvass is not difficult, but it requires care and adherence to the correct principles. But the final effect is definitely worth the effort. Offer your friends and acquaintances your quality plum wine, pear wine, apricot wine or apple wine&#8230;<\/p>\n<p>&nbsp;<\/p>\n<div style=\"text-align: left;\"><span style=\"font-size: 18px; color: #800000;\"><strong>PRICE LIST OF GOODS AND SERVICES P\u00c1LENICA JEL\u0160OVCE, s. r. o.<\/strong><\/span><\/div>\n<div style=\"text-align: left;\"><\/div>\n<div style=\"text-align: left;\"><span style=\"color: #000000; font-size: 18px;\">CONSUMPTION TAX &#8211; 0 % DPH\u00a0 \u00a0 \u00a0 \u00a0 \u00a0 \u00a0 \u00a0 \u00a0 \u00a0 \u00a0 <\/span><strong style=\"color: #000000; font-size: 18px;\">7,02\u20ac<\/strong><\/div>\n<div>\n<div style=\"text-align: left;\"><span style=\"font-size: 18px; color: #000000;\">DISTILLING ALCO &#8211; STANDARD\u00a0 \u00a0 \u00a0 \u00a0 \u00a0 \u00a0 \u00a0 \u00a0 \u00a0 \u00a0 <strong>9,3\u20ac<\/strong><\/span><\/div>\n<div style=\"text-align: left;\"><span style=\"font-size: 18px; color: #000000;\">DISTILLING ALCO &#8211; COMFORT\u00a0 \u00a0 \u00a0 \u00a0 \u00a0 \u00a0 \u00a0 \u00a0 \u00a0 \u00a0 \u00a0<strong>11,9\u20ac<\/strong><\/span><\/div>\n<div style=\"text-align: left;\"><span style=\"font-size: 18px; color: #000000;\">DISTILLING ALCO &#8211; SPECIAL (till 5 L.A.)\u00a0 \u00a0 \u00a0 <strong>12,2\u20ac<\/strong><\/span><\/div>\n<div style=\"text-align: left;\"><span style=\"font-size: 18px; color: #000000;\">DISTILLING FIX (less than 100 litrov)\u00a0 \u00a0 \u00a0 \u00a0 \u00a0 <strong>50\u20ac<\/strong><\/span><\/div>\n<p>&nbsp;<\/p>\n<div style=\"text-align: left;\"><\/div>\n<div style=\"text-align: left;\"><span style=\"font-size: 18px; color: #000000;\"><strong>Dilution of distillates:<\/strong><\/span><\/div>\n<div style=\"text-align: left;\"><span style=\"font-size: 18px; color: #000000;\">\u00a0&#8211; demineralized water\u00a0 \u00a01 L\u00a0 \u00a0 \u00a0 \u00a0 \u00a0 \u00a0 \u00a0 <strong>1\u20ac<\/strong><\/span><\/div>\n<p>&nbsp;<\/p>\n<div style=\"text-align: left;\"><\/div>\n<div style=\"text-align: left;\"><span style=\"font-size: 18px; color: #800000;\"><strong>DISTILLING CALCULATION 2023<\/strong><\/span><\/div>\n<div style=\"text-align: left;\"><\/div>\n<div style=\"text-align: left;\"><span style=\"font-size: 18px; color: #000000;\"><strong>STANDARD<\/strong><\/span><\/div>\n<div style=\"text-align: left;\"><span style=\"font-size: 18px; color: #000000;\">1 l\u00a0 \u00a0100 % distillate1\u00a0 \u00a0 \u00a0 \u00a0 \u00a0 \u00a0 \u00a0 \u00a0 \u00a0 \u00a0 \u00a0 \u00a0 \u00a0 \u00a0 \u00a0 \u00a0 \u00a0 \u00a0<strong>\u00a0 \u00a016,32 \u20ac<\/strong><\/span><\/div>\n<div style=\"text-align: left;\"><span style=\"font-size: 18px; color: #000000;\">1 l\u00a0 \u00a052 %\u00a0 \u00a0 \u00a0 \u00a0 \u00a0 \u00a0 \u00a0 \u00a0 \u00a0 \u00a0 \u00a0 \u00a0 \u00a0 \u00a0 \u00a0 \u00a0 \u00a0 \u00a0 \u00a0 \u00a0 \u00a0 \u00a0 \u00a0 \u00a0 \u00a0 \u00a0 \u00a0 \u00a0 \u00a0 <strong>8,49 \u20ac\u00a0 <\/strong><span style=\"color: #339966;\"><strong>+ dilution<\/strong><\/span><\/span><\/div>\n<div style=\"text-align: left;\"><\/div>\n<div style=\"text-align: left;\"><span style=\"font-size: 18px; color: #000000;\"><strong>COMFORT pomal\u00fd re\u017eim p\u00e1lenia<\/strong><\/span><\/div>\n<div style=\"text-align: left;\"><span style=\"font-size: 18px; color: #000000;\">1 l\u00a0 \u00a0100 % destillate1\u00a0 \u00a0 \u00a0 \u00a0 \u00a0 \u00a0 \u00a0 \u00a0 \u00a0 \u00a0 \u00a0 \u00a0 \u00a0 \u00a0 \u00a0 \u00a0 \u00a0 \u00a0 \u00a0 <strong>18,92 \u20ac<\/strong><\/span><\/div>\n<div style=\"text-align: left;\"><span style=\"font-size: 18px;\"><span style=\"color: #000000;\">1 l\u00a0 \u00a052 %\u00a0 \u00a0 \u00a0 \u00a0 \u00a0 \u00a0 \u00a0 \u00a0 \u00a0 \u00a0 \u00a0 \u00a0 \u00a0 \u00a0 \u00a0 \u00a0 \u00a0 \u00a0 \u00a0 \u00a0 \u00a0 \u00a0 \u00a0 \u00a0 \u00a0 \u00a0 \u00a0 \u00a0 \u00a0 <strong>9,84 \u20ac<\/strong><\/span> \u00a0 <span style=\"color: #339966;\"><strong>+ dilution<\/strong><\/span><\/span><\/div>\n<div style=\"text-align: left;\"><\/div>\n<div style=\"text-align: left;\"><span style=\"font-size: 18px; color: #000000;\"><strong>SPECIAL (during distillation less than 5 LA.)<\/strong><\/span><\/div>\n<div style=\"text-align: left;\"><span style=\"font-size: 18px; color: #000000;\">1 l\u00a0 \u00a0100 % destillate1\u00a0 \u00a0 \u00a0 \u00a0 \u00a0 \u00a0 \u00a0 \u00a0 \u00a0 \u00a0 \u00a0 \u00a0 \u00a0 \u00a0 \u00a0 \u00a0 \u00a0 \u00a0 \u00a0 <strong>19,22 \u20ac<\/strong><\/span><\/div>\n<div style=\"text-align: left;\"><span style=\"font-size: 18px;\"><span style=\"color: #000000;\">1 l\u00a0 \u00a052 %\u00a0 \u00a0 \u00a0 \u00a0 \u00a0 \u00a0 \u00a0 \u00a0 \u00a0 \u00a0 \u00a0 \u00a0 \u00a0 \u00a0 \u00a0 \u00a0 \u00a0 \u00a0 \u00a0 \u00a0 \u00a0 \u00a0 \u00a0 \u00a0 \u00a0 \u00a0 \u00a0 \u00a0 \u00a0 <strong>9,99 \u20ac<\/strong><\/span> \u00a0 <span style=\"color: #339966;\"><strong>+ dilution<\/strong><\/span><\/span><\/div>\n<p>&nbsp;<\/p>\n<\/div>\n<div><\/div>\n<div>The main process takes place in a single-boiler plant with a multi-stage rectification column. We have distillation equipment with a volume of 150l, 300l and 600l available.<\/div>\n<div><\/div>\n<div class=\"row\">\n<div class=\"col-xs-12 col-sm-12 col-md-12 text--center mt-70\"><a class=\"btn btn--primary btn--bordered btn--rounded btn--lg ml-5 mr-5\" href=\"https:\/\/palenicajelsovce.sk\/product-category\/destilaty\/\" target=\"_blank\" rel=\"noopener noreferrer\">Produkty<\/a><\/div>\n<\/div>\n<div><\/div>\n","protected":false},"excerpt":{"rendered":"<p>Distilling fruit distillates is a traditional method of fruit processing. In our grower&#8217;s distillery, you can have a high-quality fruit distillate directly made from your own fruit. The distillery is equipped with the most modern technology, based on a modern way of conducting distillation using the latest knowledge in the burning process. The equipment of the distillery is of the highest quality and meets the strictest EU conditions. The main process takes place in a single-boiler device with a multi-stage rectification column with a capacity of 300 l &#8211; KPD 300. The whole system allows you to actively control the alcohol content, influence the taste and aromatic properties of the distillates. The entire technology is controlled by professional staff, but also electronically, which prevents any complications. Compliance with hygiene principles is a matter of course in our distillery. After each distillation, the apparatus is washed, i.e. the entire rectification column as well as the boiler itself is cleaned by water pressure. The preparation of fruit kvass is not difficult, but it requires care and adherence to the correct principles. But the final effect is definitely worth the effort. Offer your friends and acquaintances your quality plum wine, pear wine, apricot&#8230;<\/p>\n","protected":false},"author":2,"featured_media":2797,"parent":0,"menu_order":0,"comment_status":"closed","ping_status":"closed","template":"","meta":{"_acf_changed":false,"inline_featured_image":false,"footnotes":""},"class_list":["post-2795","page","type-page","status-publish","has-post-thumbnail","hentry"],"acf":[],"yoast_head":"<!-- This site is optimized with the Yoast SEO plugin v24.2 - https:\/\/yoast.com\/wordpress\/plugins\/seo\/ -->\n<title>Distillery - P\u00e1lenica Jel\u0161ovce<\/title>\n<meta name=\"robots\" content=\"index, follow, max-snippet:-1, max-image-preview:large, max-video-preview:-1\" \/>\n<link rel=\"canonical\" href=\"https:\/\/palenicajelsovce.sk\/en\/distillery\/\" \/>\n<meta property=\"og:locale\" content=\"en_US\" \/>\n<meta property=\"og:type\" content=\"article\" \/>\n<meta property=\"og:title\" content=\"Distillery - P\u00e1lenica Jel\u0161ovce\" \/>\n<meta property=\"og:description\" content=\"Distilling fruit distillates is a traditional method of fruit processing. In our grower&#8217;s distillery, you can have a high-quality fruit distillate directly made from your own fruit. The distillery is equipped with the most modern technology, based on a modern way of conducting distillation using the latest knowledge in the burning process. The equipment of the distillery is of the highest quality and meets the strictest EU conditions. The main process takes place in a single-boiler device with a multi-stage rectification column with a capacity of 300 l &#8211; KPD 300. The whole system allows you to actively control the alcohol content, influence the taste and aromatic properties of the distillates. The entire technology is controlled by professional staff, but also electronically, which prevents any complications. Compliance with hygiene principles is a matter of course in our distillery. After each distillation, the apparatus is washed, i.e. the entire rectification column as well as the boiler itself is cleaned by water pressure. The preparation of fruit kvass is not difficult, but it requires care and adherence to the correct principles. But the final effect is definitely worth the effort. Offer your friends and acquaintances your quality plum wine, pear wine, apricot...\" \/>\n<meta property=\"og:url\" content=\"https:\/\/palenicajelsovce.sk\/en\/distillery\/\" \/>\n<meta property=\"og:site_name\" content=\"P\u00e1lenica Jel\u0161ovce\" \/>\n<meta property=\"article:modified_time\" content=\"2025-01-15T10:26:25+00:00\" \/>\n<meta property=\"og:image\" content=\"https:\/\/palenicajelsovce.sk\/wp-content\/uploads\/2020\/11\/palenica-jelsovce-palenica-header.jpg\" \/>\n\t<meta property=\"og:image:width\" content=\"1200\" \/>\n\t<meta property=\"og:image:height\" content=\"1200\" \/>\n\t<meta property=\"og:image:type\" content=\"image\/jpeg\" \/>\n<meta name=\"twitter:card\" content=\"summary_large_image\" \/>\n<meta name=\"twitter:label1\" content=\"Est. reading time\" \/>\n\t<meta name=\"twitter:data1\" content=\"3 minutes\" \/>\n<script type=\"application\/ld+json\" class=\"yoast-schema-graph\">{\"@context\":\"https:\/\/schema.org\",\"@graph\":[{\"@type\":\"WebPage\",\"@id\":\"https:\/\/palenicajelsovce.sk\/en\/distillery\/\",\"url\":\"https:\/\/palenicajelsovce.sk\/en\/distillery\/\",\"name\":\"Distillery - P\u00e1lenica Jel\u0161ovce\",\"isPartOf\":{\"@id\":\"https:\/\/palenicajelsovce.sk\/#website\"},\"primaryImageOfPage\":{\"@id\":\"https:\/\/palenicajelsovce.sk\/en\/distillery\/#primaryimage\"},\"image\":{\"@id\":\"https:\/\/palenicajelsovce.sk\/en\/distillery\/#primaryimage\"},\"thumbnailUrl\":\"https:\/\/palenicajelsovce.sk\/wp-content\/uploads\/2020\/11\/palenica-jelsovce-palenica-header.jpg\",\"datePublished\":\"2020-09-03T14:16:55+00:00\",\"dateModified\":\"2025-01-15T10:26:25+00:00\",\"breadcrumb\":{\"@id\":\"https:\/\/palenicajelsovce.sk\/en\/distillery\/#breadcrumb\"},\"inLanguage\":\"en-US\",\"potentialAction\":[{\"@type\":\"ReadAction\",\"target\":[\"https:\/\/palenicajelsovce.sk\/en\/distillery\/\"]}]},{\"@type\":\"ImageObject\",\"inLanguage\":\"en-US\",\"@id\":\"https:\/\/palenicajelsovce.sk\/en\/distillery\/#primaryimage\",\"url\":\"https:\/\/palenicajelsovce.sk\/wp-content\/uploads\/2020\/11\/palenica-jelsovce-palenica-header.jpg\",\"contentUrl\":\"https:\/\/palenicajelsovce.sk\/wp-content\/uploads\/2020\/11\/palenica-jelsovce-palenica-header.jpg\",\"width\":1200,\"height\":1200},{\"@type\":\"BreadcrumbList\",\"@id\":\"https:\/\/palenicajelsovce.sk\/en\/distillery\/#breadcrumb\",\"itemListElement\":[{\"@type\":\"ListItem\",\"position\":1,\"name\":\"Home\",\"item\":\"https:\/\/palenicajelsovce.sk\/en\/\"},{\"@type\":\"ListItem\",\"position\":2,\"name\":\"Distillery\"}]},{\"@type\":\"WebSite\",\"@id\":\"https:\/\/palenicajelsovce.sk\/#website\",\"url\":\"https:\/\/palenicajelsovce.sk\/\",\"name\":\"P\u00e1lenica Jel\u0161ovce\",\"description\":\"Nezabudnute\u013en\u00fd dojem...\",\"publisher\":{\"@id\":\"https:\/\/palenicajelsovce.sk\/#organization\"},\"potentialAction\":[{\"@type\":\"SearchAction\",\"target\":{\"@type\":\"EntryPoint\",\"urlTemplate\":\"https:\/\/palenicajelsovce.sk\/?s={search_term_string}\"},\"query-input\":{\"@type\":\"PropertyValueSpecification\",\"valueRequired\":true,\"valueName\":\"search_term_string\"}}],\"inLanguage\":\"en-US\"},{\"@type\":\"Organization\",\"@id\":\"https:\/\/palenicajelsovce.sk\/#organization\",\"name\":\"P\u00e1lenica Jel\u0161ovce\",\"url\":\"https:\/\/palenicajelsovce.sk\/\",\"logo\":{\"@type\":\"ImageObject\",\"inLanguage\":\"en-US\",\"@id\":\"https:\/\/palenicajelsovce.sk\/#\/schema\/logo\/image\/\",\"url\":\"https:\/\/palenicajelsovce.sk\/wp-content\/uploads\/2020\/11\/logo.svg\",\"contentUrl\":\"https:\/\/palenicajelsovce.sk\/wp-content\/uploads\/2020\/11\/logo.svg\",\"caption\":\"P\u00e1lenica Jel\u0161ovce\"},\"image\":{\"@id\":\"https:\/\/palenicajelsovce.sk\/#\/schema\/logo\/image\/\"}}]}<\/script>\n<!-- \/ Yoast SEO plugin. -->","yoast_head_json":{"title":"Distillery - P\u00e1lenica Jel\u0161ovce","robots":{"index":"index","follow":"follow","max-snippet":"max-snippet:-1","max-image-preview":"max-image-preview:large","max-video-preview":"max-video-preview:-1"},"canonical":"https:\/\/palenicajelsovce.sk\/en\/distillery\/","og_locale":"en_US","og_type":"article","og_title":"Distillery - P\u00e1lenica Jel\u0161ovce","og_description":"Distilling fruit distillates is a traditional method of fruit processing. In our grower&#8217;s distillery, you can have a high-quality fruit distillate directly made from your own fruit. The distillery is equipped with the most modern technology, based on a modern way of conducting distillation using the latest knowledge in the burning process. The equipment of the distillery is of the highest quality and meets the strictest EU conditions. The main process takes place in a single-boiler device with a multi-stage rectification column with a capacity of 300 l &#8211; KPD 300. The whole system allows you to actively control the alcohol content, influence the taste and aromatic properties of the distillates. The entire technology is controlled by professional staff, but also electronically, which prevents any complications. Compliance with hygiene principles is a matter of course in our distillery. After each distillation, the apparatus is washed, i.e. the entire rectification column as well as the boiler itself is cleaned by water pressure. The preparation of fruit kvass is not difficult, but it requires care and adherence to the correct principles. But the final effect is definitely worth the effort. Offer your friends and acquaintances your quality plum wine, pear wine, apricot...","og_url":"https:\/\/palenicajelsovce.sk\/en\/distillery\/","og_site_name":"P\u00e1lenica Jel\u0161ovce","article_modified_time":"2025-01-15T10:26:25+00:00","og_image":[{"width":1200,"height":1200,"url":"https:\/\/palenicajelsovce.sk\/wp-content\/uploads\/2020\/11\/palenica-jelsovce-palenica-header.jpg","type":"image\/jpeg"}],"twitter_card":"summary_large_image","twitter_misc":{"Est. reading time":"3 minutes"},"schema":{"@context":"https:\/\/schema.org","@graph":[{"@type":"WebPage","@id":"https:\/\/palenicajelsovce.sk\/en\/distillery\/","url":"https:\/\/palenicajelsovce.sk\/en\/distillery\/","name":"Distillery - P\u00e1lenica Jel\u0161ovce","isPartOf":{"@id":"https:\/\/palenicajelsovce.sk\/#website"},"primaryImageOfPage":{"@id":"https:\/\/palenicajelsovce.sk\/en\/distillery\/#primaryimage"},"image":{"@id":"https:\/\/palenicajelsovce.sk\/en\/distillery\/#primaryimage"},"thumbnailUrl":"https:\/\/palenicajelsovce.sk\/wp-content\/uploads\/2020\/11\/palenica-jelsovce-palenica-header.jpg","datePublished":"2020-09-03T14:16:55+00:00","dateModified":"2025-01-15T10:26:25+00:00","breadcrumb":{"@id":"https:\/\/palenicajelsovce.sk\/en\/distillery\/#breadcrumb"},"inLanguage":"en-US","potentialAction":[{"@type":"ReadAction","target":["https:\/\/palenicajelsovce.sk\/en\/distillery\/"]}]},{"@type":"ImageObject","inLanguage":"en-US","@id":"https:\/\/palenicajelsovce.sk\/en\/distillery\/#primaryimage","url":"https:\/\/palenicajelsovce.sk\/wp-content\/uploads\/2020\/11\/palenica-jelsovce-palenica-header.jpg","contentUrl":"https:\/\/palenicajelsovce.sk\/wp-content\/uploads\/2020\/11\/palenica-jelsovce-palenica-header.jpg","width":1200,"height":1200},{"@type":"BreadcrumbList","@id":"https:\/\/palenicajelsovce.sk\/en\/distillery\/#breadcrumb","itemListElement":[{"@type":"ListItem","position":1,"name":"Home","item":"https:\/\/palenicajelsovce.sk\/en\/"},{"@type":"ListItem","position":2,"name":"Distillery"}]},{"@type":"WebSite","@id":"https:\/\/palenicajelsovce.sk\/#website","url":"https:\/\/palenicajelsovce.sk\/","name":"P\u00e1lenica Jel\u0161ovce","description":"Nezabudnute\u013en\u00fd dojem...","publisher":{"@id":"https:\/\/palenicajelsovce.sk\/#organization"},"potentialAction":[{"@type":"SearchAction","target":{"@type":"EntryPoint","urlTemplate":"https:\/\/palenicajelsovce.sk\/?s={search_term_string}"},"query-input":{"@type":"PropertyValueSpecification","valueRequired":true,"valueName":"search_term_string"}}],"inLanguage":"en-US"},{"@type":"Organization","@id":"https:\/\/palenicajelsovce.sk\/#organization","name":"P\u00e1lenica Jel\u0161ovce","url":"https:\/\/palenicajelsovce.sk\/","logo":{"@type":"ImageObject","inLanguage":"en-US","@id":"https:\/\/palenicajelsovce.sk\/#\/schema\/logo\/image\/","url":"https:\/\/palenicajelsovce.sk\/wp-content\/uploads\/2020\/11\/logo.svg","contentUrl":"https:\/\/palenicajelsovce.sk\/wp-content\/uploads\/2020\/11\/logo.svg","caption":"P\u00e1lenica Jel\u0161ovce"},"image":{"@id":"https:\/\/palenicajelsovce.sk\/#\/schema\/logo\/image\/"}}]}},"_links":{"self":[{"href":"https:\/\/palenicajelsovce.sk\/en\/wp-json\/wp\/v2\/pages\/2795","targetHints":{"allow":["GET"]}}],"collection":[{"href":"https:\/\/palenicajelsovce.sk\/en\/wp-json\/wp\/v2\/pages"}],"about":[{"href":"https:\/\/palenicajelsovce.sk\/en\/wp-json\/wp\/v2\/types\/page"}],"author":[{"embeddable":true,"href":"https:\/\/palenicajelsovce.sk\/en\/wp-json\/wp\/v2\/users\/2"}],"replies":[{"embeddable":true,"href":"https:\/\/palenicajelsovce.sk\/en\/wp-json\/wp\/v2\/comments?post=2795"}],"version-history":[{"count":2,"href":"https:\/\/palenicajelsovce.sk\/en\/wp-json\/wp\/v2\/pages\/2795\/revisions"}],"predecessor-version":[{"id":2828,"href":"https:\/\/palenicajelsovce.sk\/en\/wp-json\/wp\/v2\/pages\/2795\/revisions\/2828"}],"wp:featuredmedia":[{"embeddable":true,"href":"https:\/\/palenicajelsovce.sk\/en\/wp-json\/wp\/v2\/media\/2797"}],"wp:attachment":[{"href":"https:\/\/palenicajelsovce.sk\/en\/wp-json\/wp\/v2\/media?parent=2795"}],"curies":[{"name":"wp","href":"https:\/\/api.w.org\/{rel}","templated":true}]}}