{"id":2768,"date":"2021-09-20T10:47:55","date_gmt":"2021-09-20T08:47:55","guid":{"rendered":"https:\/\/palenicajelsovce.sk\/kacaciehody\/"},"modified":"2025-01-15T10:46:33","modified_gmt":"2025-01-15T09:46:33","slug":"kacaciehody","status":"publish","type":"page","link":"https:\/\/palenicajelsovce.sk\/en\/kacaciehody\/","title":{"rendered":"Ka\u010dacie hody u\u017e od 03.10.2024"},"content":{"rendered":"<p style=\"text-align: center;\"><span style=\"font-size: 21px; color: #a82715;\"><strong>Predjedlo\/Starter<\/strong><\/span><br \/>\n<span style=\"font-size: 18px;\">150g Konfitovan\u00e9 Foie gras so \u0161\u00edpkovou redukciou s pur\u00e9e z pe\u010den\u00e9ho petr\u017elenu, marinovanou cibu\u013eou a pe\u010divo<\/span><br \/>\n<span style=\"font-size: 16px;\"><em>150g Confit Foie gras with rosehip reduction with roasted parsley pur\u00e9e, marinated onions and pastry<\/em><\/span><br \/>\n<span style=\"font-size: 18px;\"><strong>31,90\u20ac<\/strong><\/span><\/p>\n<p style=\"text-align: center;\"><span style=\"font-size: 18px;\">70g \u00daden\u00e9 ka\u010dacie prsia, cviklovo chrenov\u00e9 coulis s karamelizovan\u00fdmi jab\u013a\u010dkami, brusnicammi s ope\u010den\u00fdm chleb\u00edkom<\/span><br \/>\n<span style=\"font-size: 16px;\"><em>70g Smoked duck breast, beet horseradish coulis with caramelized apples, cranberries with toasted bread<\/em><\/span><br \/>\n<span style=\"font-size: 18px;\"><strong>11,50\u20ac<\/strong><\/span><\/p>\n<p>&nbsp;<\/p>\n<p style=\"text-align: center;\"><span style=\"font-size: 21px; color: #a82715;\"><strong>Polievka\/Soup<\/strong><\/span><br \/>\n<span style=\"font-size: 18px;\">0,25l Ka\u010dac\u00ed v\u00fdvar s pe\u010de\u0148ov\u00fdmi halu\u0161kami a kore\u0148ovou zeleninou <\/span><br \/>\n<span style=\"font-size: 16px;\"><em>0,25l Duck broth with liver dumplings and root vegetables<\/em><\/span><br \/>\n<span style=\"font-size: 18px;\"><strong>4,20\u20ac<\/strong><\/span><\/p>\n<p style=\"text-align: center;\"><span style=\"font-size: 21px; color: #a82715;\"><strong>Hlavn\u00e9 jedlo\/Main Course<\/strong><\/span><br \/>\n<span style=\"font-size: 18px;\">1000g Pe\u010den\u00e1 ka\u010dka s marinovanou dusenou kapustou s jab\u013a\u010dkami <\/span><br \/>\n<em><span style=\"font-size: 16px;\">1000g Roasted duck with stewed cabbage and apples<\/span><\/em><br \/>\n<span style=\"font-size: 18px;\"><strong>22,50\u20ac<\/strong><\/span><\/p>\n<p style=\"text-align: center;\"><span style=\"font-size: 21px; color: #a82715;\"><strong>Pr\u00edlohy\/Side Dishes<\/strong><\/span><br \/>\n<span style=\"font-size: 18px;\">200g Dom\u00e1ce zemiakov\u00e9 lok\u0161e (2ks) <strong>5,30\u20ac<\/strong><\/span><br \/>\n<span style=\"font-size: 14px;\"><em>200g Homemade potato lokshe <\/em><\/span><br \/>\n<span style=\"font-size: 18px;\">250g Dusen\u00e1 kapusta <strong>4,00\u20ac<\/strong><\/span><br \/>\n<em><span style=\"font-size: 14px;\">250g Stewed cabbage<\/span><\/em><br \/>\n<span style=\"font-size: 18px;\">180g Paren\u00e1 kned\u013ea <strong>3,50\u20ac<\/strong><\/span><br \/>\n<span style=\"font-size: 14px;\"><em>180g Steamed dumpling<\/em><\/span><\/p>\n<p style=\"text-align: center;\"><em><span style=\"font-size: 12px; color: #999999;\"><br \/>\nFotografie v gal\u00e9rii s\u00fa ilustra\u010dn\u00e9<\/span><\/em><\/p>\n","protected":false},"excerpt":{"rendered":"<p>Predjedlo\/Starter 150g Konfitovan\u00e9 Foie gras so \u0161\u00edpkovou redukciou s pur\u00e9e z pe\u010den\u00e9ho petr\u017elenu, marinovanou cibu\u013eou a pe\u010divo 150g Confit Foie gras with rosehip reduction with roasted parsley pur\u00e9e, marinated onions and pastry 31,90\u20ac 70g \u00daden\u00e9 ka\u010dacie prsia, cviklovo chrenov\u00e9 coulis s karamelizovan\u00fdmi jab\u013a\u010dkami, brusnicammi s ope\u010den\u00fdm chleb\u00edkom 70g Smoked duck breast, beet horseradish coulis with caramelized apples, cranberries with toasted bread 11,50\u20ac &nbsp; Polievka\/Soup 0,25l Ka\u010dac\u00ed v\u00fdvar s pe\u010de\u0148ov\u00fdmi halu\u0161kami a kore\u0148ovou zeleninou 0,25l Duck broth with liver dumplings and root vegetables 4,20\u20ac Hlavn\u00e9 jedlo\/Main Course 1000g Pe\u010den\u00e1 ka\u010dka s marinovanou dusenou kapustou s jab\u013a\u010dkami 1000g Roasted duck with stewed cabbage and apples 22,50\u20ac Pr\u00edlohy\/Side Dishes 200g Dom\u00e1ce zemiakov\u00e9 lok\u0161e (2ks) 5,30\u20ac 200g Homemade potato lokshe 250g Dusen\u00e1 kapusta 4,00\u20ac 250g Stewed cabbage 180g Paren\u00e1 kned\u013ea 3,50\u20ac 180g Steamed dumpling Fotografie v gal\u00e9rii s\u00fa ilustra\u010dn\u00e9<\/p>\n","protected":false},"author":2,"featured_media":2769,"parent":0,"menu_order":0,"comment_status":"closed","ping_status":"closed","template":"","meta":{"_acf_changed":false,"inline_featured_image":false,"footnotes":""},"class_list":["post-2768","page","type-page","status-publish","has-post-thumbnail","hentry"],"acf":[],"yoast_head":"<!-- This site is optimized with the Yoast SEO plugin v24.2 - https:\/\/yoast.com\/wordpress\/plugins\/seo\/ -->\n<title>Ka\u010dacie hody u\u017e od 03.10.2024 - P\u00e1lenica Jel\u0161ovce<\/title>\n<meta name=\"robots\" content=\"index, follow, max-snippet:-1, max-image-preview:large, max-video-preview:-1\" \/>\n<link rel=\"canonical\" href=\"https:\/\/palenicajelsovce.sk\/en\/kacaciehody\/\" \/>\n<meta property=\"og:locale\" content=\"en_US\" \/>\n<meta property=\"og:type\" content=\"article\" \/>\n<meta property=\"og:title\" content=\"Ka\u010dacie hody u\u017e od 03.10.2024 - P\u00e1lenica Jel\u0161ovce\" \/>\n<meta property=\"og:description\" content=\"Predjedlo\/Starter 150g Konfitovan\u00e9 Foie gras so \u0161\u00edpkovou redukciou s pur\u00e9e z pe\u010den\u00e9ho petr\u017elenu, marinovanou cibu\u013eou a pe\u010divo 150g Confit Foie gras with rosehip reduction with roasted parsley pur\u00e9e, marinated onions and pastry 31,90\u20ac 70g \u00daden\u00e9 ka\u010dacie prsia, cviklovo chrenov\u00e9 coulis s karamelizovan\u00fdmi jab\u013a\u010dkami, brusnicammi s ope\u010den\u00fdm chleb\u00edkom 70g Smoked duck breast, beet horseradish coulis with caramelized apples, cranberries with toasted bread 11,50\u20ac &nbsp; Polievka\/Soup 0,25l Ka\u010dac\u00ed v\u00fdvar s pe\u010de\u0148ov\u00fdmi halu\u0161kami a kore\u0148ovou zeleninou 0,25l Duck broth with liver dumplings and root vegetables 4,20\u20ac Hlavn\u00e9 jedlo\/Main Course 1000g Pe\u010den\u00e1 ka\u010dka s marinovanou dusenou kapustou s jab\u013a\u010dkami 1000g Roasted duck with stewed cabbage and apples 22,50\u20ac Pr\u00edlohy\/Side Dishes 200g Dom\u00e1ce zemiakov\u00e9 lok\u0161e (2ks) 5,30\u20ac 200g Homemade potato lokshe 250g Dusen\u00e1 kapusta 4,00\u20ac 250g Stewed cabbage 180g Paren\u00e1 kned\u013ea 3,50\u20ac 180g Steamed dumpling Fotografie v gal\u00e9rii s\u00fa ilustra\u010dn\u00e9\" \/>\n<meta property=\"og:url\" content=\"https:\/\/palenicajelsovce.sk\/en\/kacaciehody\/\" \/>\n<meta property=\"og:site_name\" content=\"P\u00e1lenica Jel\u0161ovce\" \/>\n<meta property=\"article:modified_time\" content=\"2025-01-15T09:46:33+00:00\" \/>\n<meta property=\"og:image\" content=\"https:\/\/palenicajelsovce.sk\/wp-content\/uploads\/2022\/09\/kacacie-hody.jpg\" \/>\n\t<meta property=\"og:image:width\" content=\"2000\" \/>\n\t<meta property=\"og:image:height\" content=\"683\" \/>\n\t<meta property=\"og:image:type\" content=\"image\/jpeg\" \/>\n<meta name=\"twitter:card\" content=\"summary_large_image\" \/>\n<meta name=\"twitter:label1\" content=\"Est. reading time\" \/>\n\t<meta name=\"twitter:data1\" content=\"1 minute\" \/>\n<script type=\"application\/ld+json\" class=\"yoast-schema-graph\">{\"@context\":\"https:\/\/schema.org\",\"@graph\":[{\"@type\":\"WebPage\",\"@id\":\"https:\/\/palenicajelsovce.sk\/en\/kacaciehody\/\",\"url\":\"https:\/\/palenicajelsovce.sk\/en\/kacaciehody\/\",\"name\":\"Ka\u010dacie hody u\u017e od 03.10.2024 - P\u00e1lenica Jel\u0161ovce\",\"isPartOf\":{\"@id\":\"https:\/\/palenicajelsovce.sk\/#website\"},\"primaryImageOfPage\":{\"@id\":\"https:\/\/palenicajelsovce.sk\/en\/kacaciehody\/#primaryimage\"},\"image\":{\"@id\":\"https:\/\/palenicajelsovce.sk\/en\/kacaciehody\/#primaryimage\"},\"thumbnailUrl\":\"https:\/\/palenicajelsovce.sk\/wp-content\/uploads\/2022\/09\/kacacie-hody.jpg\",\"datePublished\":\"2021-09-20T08:47:55+00:00\",\"dateModified\":\"2025-01-15T09:46:33+00:00\",\"breadcrumb\":{\"@id\":\"https:\/\/palenicajelsovce.sk\/en\/kacaciehody\/#breadcrumb\"},\"inLanguage\":\"en-US\",\"potentialAction\":[{\"@type\":\"ReadAction\",\"target\":[\"https:\/\/palenicajelsovce.sk\/en\/kacaciehody\/\"]}]},{\"@type\":\"ImageObject\",\"inLanguage\":\"en-US\",\"@id\":\"https:\/\/palenicajelsovce.sk\/en\/kacaciehody\/#primaryimage\",\"url\":\"https:\/\/palenicajelsovce.sk\/wp-content\/uploads\/2022\/09\/kacacie-hody.jpg\",\"contentUrl\":\"https:\/\/palenicajelsovce.sk\/wp-content\/uploads\/2022\/09\/kacacie-hody.jpg\",\"width\":2000,\"height\":683},{\"@type\":\"BreadcrumbList\",\"@id\":\"https:\/\/palenicajelsovce.sk\/en\/kacaciehody\/#breadcrumb\",\"itemListElement\":[{\"@type\":\"ListItem\",\"position\":1,\"name\":\"Home\",\"item\":\"https:\/\/palenicajelsovce.sk\/en\/\"},{\"@type\":\"ListItem\",\"position\":2,\"name\":\"Ka\u010dacie hody u\u017e od 03.10.2024\"}]},{\"@type\":\"WebSite\",\"@id\":\"https:\/\/palenicajelsovce.sk\/#website\",\"url\":\"https:\/\/palenicajelsovce.sk\/\",\"name\":\"P\u00e1lenica Jel\u0161ovce\",\"description\":\"Nezabudnute\u013en\u00fd dojem...\",\"publisher\":{\"@id\":\"https:\/\/palenicajelsovce.sk\/#organization\"},\"potentialAction\":[{\"@type\":\"SearchAction\",\"target\":{\"@type\":\"EntryPoint\",\"urlTemplate\":\"https:\/\/palenicajelsovce.sk\/?s={search_term_string}\"},\"query-input\":{\"@type\":\"PropertyValueSpecification\",\"valueRequired\":true,\"valueName\":\"search_term_string\"}}],\"inLanguage\":\"en-US\"},{\"@type\":\"Organization\",\"@id\":\"https:\/\/palenicajelsovce.sk\/#organization\",\"name\":\"P\u00e1lenica Jel\u0161ovce\",\"url\":\"https:\/\/palenicajelsovce.sk\/\",\"logo\":{\"@type\":\"ImageObject\",\"inLanguage\":\"en-US\",\"@id\":\"https:\/\/palenicajelsovce.sk\/#\/schema\/logo\/image\/\",\"url\":\"https:\/\/palenicajelsovce.sk\/wp-content\/uploads\/2020\/11\/logo.svg\",\"contentUrl\":\"https:\/\/palenicajelsovce.sk\/wp-content\/uploads\/2020\/11\/logo.svg\",\"caption\":\"P\u00e1lenica Jel\u0161ovce\"},\"image\":{\"@id\":\"https:\/\/palenicajelsovce.sk\/#\/schema\/logo\/image\/\"}}]}<\/script>\n<!-- \/ Yoast SEO plugin. -->","yoast_head_json":{"title":"Ka\u010dacie hody u\u017e od 03.10.2024 - P\u00e1lenica Jel\u0161ovce","robots":{"index":"index","follow":"follow","max-snippet":"max-snippet:-1","max-image-preview":"max-image-preview:large","max-video-preview":"max-video-preview:-1"},"canonical":"https:\/\/palenicajelsovce.sk\/en\/kacaciehody\/","og_locale":"en_US","og_type":"article","og_title":"Ka\u010dacie hody u\u017e od 03.10.2024 - P\u00e1lenica Jel\u0161ovce","og_description":"Predjedlo\/Starter 150g Konfitovan\u00e9 Foie gras so \u0161\u00edpkovou redukciou s pur\u00e9e z pe\u010den\u00e9ho petr\u017elenu, marinovanou cibu\u013eou a pe\u010divo 150g Confit Foie gras with rosehip reduction with roasted parsley pur\u00e9e, marinated onions and pastry 31,90\u20ac 70g \u00daden\u00e9 ka\u010dacie prsia, cviklovo chrenov\u00e9 coulis s karamelizovan\u00fdmi jab\u013a\u010dkami, brusnicammi s ope\u010den\u00fdm chleb\u00edkom 70g Smoked duck breast, beet horseradish coulis with caramelized apples, cranberries with toasted bread 11,50\u20ac &nbsp; Polievka\/Soup 0,25l Ka\u010dac\u00ed v\u00fdvar s pe\u010de\u0148ov\u00fdmi halu\u0161kami a kore\u0148ovou zeleninou 0,25l Duck broth with liver dumplings and root vegetables 4,20\u20ac Hlavn\u00e9 jedlo\/Main Course 1000g Pe\u010den\u00e1 ka\u010dka s marinovanou dusenou kapustou s jab\u013a\u010dkami 1000g Roasted duck with stewed cabbage and apples 22,50\u20ac Pr\u00edlohy\/Side Dishes 200g Dom\u00e1ce zemiakov\u00e9 lok\u0161e (2ks) 5,30\u20ac 200g Homemade potato lokshe 250g Dusen\u00e1 kapusta 4,00\u20ac 250g Stewed cabbage 180g Paren\u00e1 kned\u013ea 3,50\u20ac 180g Steamed dumpling Fotografie v gal\u00e9rii s\u00fa ilustra\u010dn\u00e9","og_url":"https:\/\/palenicajelsovce.sk\/en\/kacaciehody\/","og_site_name":"P\u00e1lenica Jel\u0161ovce","article_modified_time":"2025-01-15T09:46:33+00:00","og_image":[{"width":2000,"height":683,"url":"https:\/\/palenicajelsovce.sk\/wp-content\/uploads\/2022\/09\/kacacie-hody.jpg","type":"image\/jpeg"}],"twitter_card":"summary_large_image","twitter_misc":{"Est. reading time":"1 minute"},"schema":{"@context":"https:\/\/schema.org","@graph":[{"@type":"WebPage","@id":"https:\/\/palenicajelsovce.sk\/en\/kacaciehody\/","url":"https:\/\/palenicajelsovce.sk\/en\/kacaciehody\/","name":"Ka\u010dacie hody u\u017e od 03.10.2024 - P\u00e1lenica Jel\u0161ovce","isPartOf":{"@id":"https:\/\/palenicajelsovce.sk\/#website"},"primaryImageOfPage":{"@id":"https:\/\/palenicajelsovce.sk\/en\/kacaciehody\/#primaryimage"},"image":{"@id":"https:\/\/palenicajelsovce.sk\/en\/kacaciehody\/#primaryimage"},"thumbnailUrl":"https:\/\/palenicajelsovce.sk\/wp-content\/uploads\/2022\/09\/kacacie-hody.jpg","datePublished":"2021-09-20T08:47:55+00:00","dateModified":"2025-01-15T09:46:33+00:00","breadcrumb":{"@id":"https:\/\/palenicajelsovce.sk\/en\/kacaciehody\/#breadcrumb"},"inLanguage":"en-US","potentialAction":[{"@type":"ReadAction","target":["https:\/\/palenicajelsovce.sk\/en\/kacaciehody\/"]}]},{"@type":"ImageObject","inLanguage":"en-US","@id":"https:\/\/palenicajelsovce.sk\/en\/kacaciehody\/#primaryimage","url":"https:\/\/palenicajelsovce.sk\/wp-content\/uploads\/2022\/09\/kacacie-hody.jpg","contentUrl":"https:\/\/palenicajelsovce.sk\/wp-content\/uploads\/2022\/09\/kacacie-hody.jpg","width":2000,"height":683},{"@type":"BreadcrumbList","@id":"https:\/\/palenicajelsovce.sk\/en\/kacaciehody\/#breadcrumb","itemListElement":[{"@type":"ListItem","position":1,"name":"Home","item":"https:\/\/palenicajelsovce.sk\/en\/"},{"@type":"ListItem","position":2,"name":"Ka\u010dacie hody u\u017e od 03.10.2024"}]},{"@type":"WebSite","@id":"https:\/\/palenicajelsovce.sk\/#website","url":"https:\/\/palenicajelsovce.sk\/","name":"P\u00e1lenica Jel\u0161ovce","description":"Nezabudnute\u013en\u00fd dojem...","publisher":{"@id":"https:\/\/palenicajelsovce.sk\/#organization"},"potentialAction":[{"@type":"SearchAction","target":{"@type":"EntryPoint","urlTemplate":"https:\/\/palenicajelsovce.sk\/?s={search_term_string}"},"query-input":{"@type":"PropertyValueSpecification","valueRequired":true,"valueName":"search_term_string"}}],"inLanguage":"en-US"},{"@type":"Organization","@id":"https:\/\/palenicajelsovce.sk\/#organization","name":"P\u00e1lenica Jel\u0161ovce","url":"https:\/\/palenicajelsovce.sk\/","logo":{"@type":"ImageObject","inLanguage":"en-US","@id":"https:\/\/palenicajelsovce.sk\/#\/schema\/logo\/image\/","url":"https:\/\/palenicajelsovce.sk\/wp-content\/uploads\/2020\/11\/logo.svg","contentUrl":"https:\/\/palenicajelsovce.sk\/wp-content\/uploads\/2020\/11\/logo.svg","caption":"P\u00e1lenica Jel\u0161ovce"},"image":{"@id":"https:\/\/palenicajelsovce.sk\/#\/schema\/logo\/image\/"}}]}},"_links":{"self":[{"href":"https:\/\/palenicajelsovce.sk\/en\/wp-json\/wp\/v2\/pages\/2768","targetHints":{"allow":["GET"]}}],"collection":[{"href":"https:\/\/palenicajelsovce.sk\/en\/wp-json\/wp\/v2\/pages"}],"about":[{"href":"https:\/\/palenicajelsovce.sk\/en\/wp-json\/wp\/v2\/types\/page"}],"author":[{"embeddable":true,"href":"https:\/\/palenicajelsovce.sk\/en\/wp-json\/wp\/v2\/users\/2"}],"replies":[{"embeddable":true,"href":"https:\/\/palenicajelsovce.sk\/en\/wp-json\/wp\/v2\/comments?post=2768"}],"version-history":[{"count":2,"href":"https:\/\/palenicajelsovce.sk\/en\/wp-json\/wp\/v2\/pages\/2768\/revisions"}],"predecessor-version":[{"id":2789,"href":"https:\/\/palenicajelsovce.sk\/en\/wp-json\/wp\/v2\/pages\/2768\/revisions\/2789"}],"wp:featuredmedia":[{"embeddable":true,"href":"https:\/\/palenicajelsovce.sk\/en\/wp-json\/wp\/v2\/media\/2769"}],"wp:attachment":[{"href":"https:\/\/palenicajelsovce.sk\/en\/wp-json\/wp\/v2\/media?parent=2768"}],"curies":[{"name":"wp","href":"https:\/\/api.w.org\/{rel}","templated":true}]}}